{"id":895,"date":"2026-01-09T10:32:02","date_gmt":"2026-01-09T09:32:02","guid":{"rendered":"https:\/\/shop.dohlad.info\/index.php\/product\/saunovy-senzor-teploty-a-vlhkosti\/"},"modified":"2026-01-09T10:32:15","modified_gmt":"2026-01-09T09:32:15","slug":"saunovy-senzor-teploty-a-vlhkosti","status":"publish","type":"product","link":"https:\/\/loxone.ctw.sk\/index.php\/product\/saunovy-senzor-teploty-a-vlhkosti\/","title":{"rendered":"Saunov\u00fd senzor teploty a vlhkosti"},"content":{"rendered":"<p>Senzor vyroben\u00fd z vysoko kvalitnej nehrdzavej\u00facej ocele m\u00e1 <strong>poniklovan\u00fd sintrovan\u00fd bronzov\u00fd ochrann\u00fd filter.<\/strong> Samotn\u00e1 hlava senzora je odliata <strong>tlakovo<\/strong>, a preto m\u00f4\u017ee by\u0165 prev\u00e1dzkovan\u00e9 s tlakov\u00fdmi rozdielmi a vy\u0161\u0161\u00edmi r\u00fdchlos\u0165ami pr\u00fadenia, napr\u00edklad vo ventila\u010dn\u00fdch potrubiach . Vhodn\u00fd na meranie <strong>teploty<\/strong>\u00a0a <strong>vlhkosti<\/strong>\u00a0v saune alebo in\u00fdch miestnostiach v <strong>oblasti s vysokou teplotou<\/strong>.<\/p>\n<p><strong>Technick\u00e9 detaily:<\/strong><\/p>\n<ul>\n<li>Teplotn\u00e1 odolnos\u0165 od -30 \u00b0C do 120 \u00b0C<\/li>\n<li>Trieda ochrany: IP65<\/li>\n<li>Vhodn\u00e9 pre zariadenia, ktor\u00e9 dok\u00e1\u017eu spracova\u0165 \u0161tandardn\u00fd sign\u00e1l 0-10V<\/li>\n<\/ul>\n","protected":false},"excerpt":{"rendered":"<p>Senzor vyroben\u00fd z vysoko kvalitnej nehrdzavej\u00facej ocele m\u00e1 <strong>poniklovan\u00fd sintrovan\u00fd bronzov\u00fd ochrann\u00fd filter.<\/strong> Samotn\u00e1 hlava senzora je odliata <strong>tlakovo<\/strong>, a preto m\u00f4\u017ee by\u0165 prev\u00e1dzkovan\u00e9 s tlakov\u00fdmi rozdielmi a vy\u0161\u0161\u00edmi r\u00fdchlos\u0165ami pr\u00fadenia, napr\u00edklad vo ventila\u010dn\u00fdch potrubiach . Vhodn\u00fd na meranie <strong>teploty<\/strong>\u00a0a <strong>vlhkosti<\/strong>\u00a0v saune alebo in\u00fdch miestnostiach v <strong>oblasti s vysokou teplotou<\/strong>.<\/p>\n<p><strong>Technick\u00e9 detaily:<\/strong><\/p>\n<ul>\n<li>Teplotn\u00e1 odolnos\u0165 od -30 \u00b0C do 120 \u00b0C<\/li>\n<li>Trieda ochrany: IP65<\/li>\n<li>Vhodn\u00e9 pre zariadenia, ktor\u00e9 dok\u00e1\u017eu spracova\u0165 \u0161tandardn\u00fd sign\u00e1l 0-10V<\/li>\n<\/ul>\n","protected":false},"featured_media":896,"template":"","meta":[],"location":[],"product_brand":[],"product_cat":[348,349,353],"product_tag":[],"class_list":{"0":"post-895","1":"product","2":"type-product","3":"status-publish","4":"has-post-thumbnail","6":"product_cat-klima","7":"product_cat-prislusenstvo-tienenie","8":"product_cat-senzory-prislusenstvo","10":"first","11":"instock","12":"sold-individually","13":"taxable","14":"shipping-taxable","15":"purchasable","16":"product-type-simple"},"locations":[],"_links":{"self":[{"href":"https:\/\/loxone.ctw.sk\/index.php\/wp-json\/wp\/v2\/product\/895","targetHints":{"allow":["GET"]}}],"collection":[{"href":"https:\/\/loxone.ctw.sk\/index.php\/wp-json\/wp\/v2\/product"}],"about":[{"href":"https:\/\/loxone.ctw.sk\/index.php\/wp-json\/wp\/v2\/types\/product"}],"wp:featuredmedia":[{"embeddable":true,"href":"https:\/\/loxone.ctw.sk\/index.php\/wp-json\/wp\/v2\/media\/896"}],"wp:attachment":[{"href":"https:\/\/loxone.ctw.sk\/index.php\/wp-json\/wp\/v2\/media?parent=895"}],"wp:term":[{"taxonomy":"location","embeddable":true,"href":"https:\/\/loxone.ctw.sk\/index.php\/wp-json\/wp\/v2\/location?post=895"},{"taxonomy":"product_brand","embeddable":true,"href":"https:\/\/loxone.ctw.sk\/index.php\/wp-json\/wp\/v2\/product_brand?post=895"},{"taxonomy":"product_cat","embeddable":true,"href":"https:\/\/loxone.ctw.sk\/index.php\/wp-json\/wp\/v2\/product_cat?post=895"},{"taxonomy":"product_tag","embeddable":true,"href":"https:\/\/loxone.ctw.sk\/index.php\/wp-json\/wp\/v2\/product_tag?post=895"}],"curies":[{"name":"wp","href":"https:\/\/api.w.org\/{rel}","templated":true}]}}