{"id":907,"date":"2026-01-09T10:32:02","date_gmt":"2026-01-09T09:32:02","guid":{"rendered":"https:\/\/shop.dohlad.info\/index.php\/product\/back-box-install-7\/"},"modified":"2026-02-08T23:26:57","modified_gmt":"2026-02-08T22:26:57","slug":"back-box-install-7","status":"publish","type":"product","link":"https:\/\/loxone.ctw.sk\/index.php\/product\/back-box-install-7\/","title":{"rendered":"Back Box Install 7"},"content":{"rendered":"<p>Back Box Install 7 sa perfektne hod\u00ed pre <strong>zabudovanie reproduktorov<\/strong> do zn\u00ed\u017een\u00fdch s\u00e1drokart\u00f3nov\u00fdch stropov a postar\u00e1 sa o vylep\u0161enie zvuku.<\/p>\n<p>Kompatibiln\u00e9 produkty: <strong>Install Speaker 7<\/strong> Master, Client a Passive.<\/p>\n<div class=\"col-md-3\">\n<p class=\"product-detail-label\"><strong>Technick\u00e9 detaily:<\/strong><\/p>\n<\/div>\n<div class=\"col-md-9\">\n<div class=\"product-detail-content\">\n<ul>\n<li>Pr\u00edvodn\u00fd k\u00e1bel: 2 x 15 mm.<\/li>\n<li>Rozmery: 390 x 390 mm.<\/li>\n<li>\u010cist\u00e1 v\u00e1ha: 3,0 kg.<\/li>\n<li>V\u00e1ha celkom: 3 6 kg.<\/li>\n<li>Ve\u013emi dobr\u00e1 rezonancia: 9,1 litra.<\/li>\n<li>In\u0161tala\u010dn\u00e1 h\u013abka: 108 mm.<\/li>\n<li>Priemer: 204 mm.<\/li>\n<li>Materi\u00e1l: MDF \/ preglejka.<\/li>\n<\/ul>\n<\/div>\n<\/div>\n","protected":false},"excerpt":{"rendered":"<p>Back Box Install 7 sa perfektne hod\u00ed pre <strong>zabudovanie reproduktorov<\/strong> do zn\u00ed\u017een\u00fdch s\u00e1drokart\u00f3nov\u00fdch stropov a postar\u00e1 sa o vylep\u0161enie zvuku.<\/p>\n<div class=\"col-md-9\">\n<div class=\"product-detail-content\">\n<p>&nbsp;<\/p>\n<\/div>\n<\/div>\n","protected":false},"featured_media":908,"template":"","meta":[],"location":[],"product_brand":[],"product_cat":[356],"product_tag":[],"class_list":{"0":"post-907","1":"product","2":"type-product","3":"status-publish","4":"has-post-thumbnail","6":"product_cat-montaz-audio","8":"first","9":"instock","10":"sold-individually","11":"taxable","12":"shipping-taxable","13":"purchasable","14":"product-type-simple"},"locations":[],"_links":{"self":[{"href":"https:\/\/loxone.ctw.sk\/index.php\/wp-json\/wp\/v2\/product\/907","targetHints":{"allow":["GET"]}}],"collection":[{"href":"https:\/\/loxone.ctw.sk\/index.php\/wp-json\/wp\/v2\/product"}],"about":[{"href":"https:\/\/loxone.ctw.sk\/index.php\/wp-json\/wp\/v2\/types\/product"}],"wp:featuredmedia":[{"embeddable":true,"href":"https:\/\/loxone.ctw.sk\/index.php\/wp-json\/wp\/v2\/media\/908"}],"wp:attachment":[{"href":"https:\/\/loxone.ctw.sk\/index.php\/wp-json\/wp\/v2\/media?parent=907"}],"wp:term":[{"taxonomy":"location","embeddable":true,"href":"https:\/\/loxone.ctw.sk\/index.php\/wp-json\/wp\/v2\/location?post=907"},{"taxonomy":"product_brand","embeddable":true,"href":"https:\/\/loxone.ctw.sk\/index.php\/wp-json\/wp\/v2\/product_brand?post=907"},{"taxonomy":"product_cat","embeddable":true,"href":"https:\/\/loxone.ctw.sk\/index.php\/wp-json\/wp\/v2\/product_cat?post=907"},{"taxonomy":"product_tag","embeddable":true,"href":"https:\/\/loxone.ctw.sk\/index.php\/wp-json\/wp\/v2\/product_tag?post=907"}],"curies":[{"name":"wp","href":"https:\/\/api.w.org\/{rel}","templated":true}]}}