{"id":912,"date":"2026-01-09T10:32:02","date_gmt":"2026-01-09T09:32:02","guid":{"rendered":"https:\/\/shop.dohlad.info\/index.php\/product\/prislusenstvo-k-led-pasom-set-rgbw\/"},"modified":"2026-02-10T00:18:45","modified_gmt":"2026-02-09T23:18:45","slug":"prislusenstvo-k-led-pasom-set-rgbw","status":"publish","type":"product","link":"https:\/\/loxone.ctw.sk\/index.php\/product\/prislusenstvo-k-led-pasom-set-rgbw\/","title":{"rendered":"Pr\u00edslu\u0161enstvo k LED p\u00e1som \u2013 set RGBW"},"content":{"rendered":"<p>Zabudnite na \u00fanavn\u00e9 sp\u00e1jkovanie \u2013 s r\u00fdchlymi konektormi <strong>s\u00fapravy pr\u00edslu\u0161enstva LED p\u00e1sikov<\/strong> sa <strong>prip\u00e1janie<\/strong> a <strong>predl\u017eovanie<\/strong> RGBW LED st\u00e1va jednoduch\u00fdm a jednoduch\u00fdm -\u00faspora.<\/p>\n<p><strong>\u00a0Vlastnosti:<\/strong><\/p>\n<ul>\n<li>Pre j<strong>ednoduch\u00fa a \u010dasovo efekt\u00edvnu in\u0161tal\u00e1ciu.<\/strong><\/li>\n<li>Pripraven\u00e9 na in\u0161tal\u00e1ciu \u2013 <strong>nie je potrebn\u00e9 sp\u00e1jkovanie.<\/strong><\/li>\n<li>5 \u00d7 R\u00fdchlospojka pre jednoduch\u00e9 spojenie 2 p\u00e1sov.<\/li>\n<li>5 \u00d7 Po\u010diato\u010dn\u00e1 r\u00fdchlosvorka pre pripojenie na RGBW 24V Dimmer.<\/li>\n<\/ul>\n<p><strong>Technick\u00e9 k\u013e\u00fa\u010dov\u00e9 body:<\/strong><\/p>\n<ul>\n<li><strong>Prev\u00e1dzkov\u00e9 nap\u00e4tie:<\/strong> 0\u201336 V.<\/li>\n<li><strong>Pracovn\u00fd pr\u00fad:<\/strong> 7,5 A \/ kan\u00e1l.<\/li>\n<li><strong>Priemer dr\u00f4tu<\/strong> bez izol\u00e1cie: 0,35-1 mm\u00b2.<\/li>\n<\/ul>\n","protected":false},"excerpt":{"rendered":"<p>Zabudnite na \u00fanavn\u00e9 sp\u00e1jkovanie \u2013 s r\u00fdchlymi konektormi <strong>s\u00fapravy pr\u00edslu\u0161enstva LED p\u00e1sikov<\/strong> sa <strong>prip\u00e1janie<\/strong> a <strong>predl\u017eovanie<\/strong> RGBW LED st\u00e1va jednoduch\u00fdm a jednoduch\u00fdm -\u00faspora.<\/p>\n<p><strong>\u00a0<\/strong><\/p>\n","protected":false},"featured_media":913,"template":"","meta":[],"location":[],"product_brand":[],"product_cat":[392],"product_tag":[],"class_list":{"0":"post-912","1":"product","2":"type-product","3":"status-publish","4":"has-post-thumbnail","6":"product_cat-prislusenstvo-osvetlenie","8":"first","9":"instock","10":"sold-individually","11":"taxable","12":"shipping-taxable","13":"purchasable","14":"product-type-simple"},"locations":[],"_links":{"self":[{"href":"https:\/\/loxone.ctw.sk\/index.php\/wp-json\/wp\/v2\/product\/912","targetHints":{"allow":["GET"]}}],"collection":[{"href":"https:\/\/loxone.ctw.sk\/index.php\/wp-json\/wp\/v2\/product"}],"about":[{"href":"https:\/\/loxone.ctw.sk\/index.php\/wp-json\/wp\/v2\/types\/product"}],"wp:featuredmedia":[{"embeddable":true,"href":"https:\/\/loxone.ctw.sk\/index.php\/wp-json\/wp\/v2\/media\/913"}],"wp:attachment":[{"href":"https:\/\/loxone.ctw.sk\/index.php\/wp-json\/wp\/v2\/media?parent=912"}],"wp:term":[{"taxonomy":"location","embeddable":true,"href":"https:\/\/loxone.ctw.sk\/index.php\/wp-json\/wp\/v2\/location?post=912"},{"taxonomy":"product_brand","embeddable":true,"href":"https:\/\/loxone.ctw.sk\/index.php\/wp-json\/wp\/v2\/product_brand?post=912"},{"taxonomy":"product_cat","embeddable":true,"href":"https:\/\/loxone.ctw.sk\/index.php\/wp-json\/wp\/v2\/product_cat?post=912"},{"taxonomy":"product_tag","embeddable":true,"href":"https:\/\/loxone.ctw.sk\/index.php\/wp-json\/wp\/v2\/product_tag?post=912"}],"curies":[{"name":"wp","href":"https:\/\/api.w.org\/{rel}","templated":true}]}}