{"id":920,"date":"2026-01-09T10:32:02","date_gmt":"2026-01-09T09:32:02","guid":{"rendered":"https:\/\/shop.dohlad.info\/index.php\/product\/spinany-led-zdroj-24-v-25-a\/"},"modified":"2026-02-09T00:15:38","modified_gmt":"2026-02-08T23:15:38","slug":"spinany-led-zdroj-24-v-25-a","status":"publish","type":"product","link":"https:\/\/loxone.ctw.sk\/index.php\/product\/spinany-led-zdroj-24-v-25-a\/","title":{"rendered":"Sp\u00ednan\u00fd LED zdroj 24 V 2,5 A"},"content":{"rendered":"<p>V\u010faka v\u00fdstupn\u00e9mu nap\u00e4tiu 24 V a pr\u00fadu 2,5 A sa tento zdroj perfektne hod\u00ed <strong>pre nap\u00e1janie Loxone LED spotov<\/strong> a v\u010faka n\u00edzkej in\u0161tala\u010dnej v\u00fd\u0161ke umo\u017e\u0148uje umiestnenie kamko\u013evek, napr\u00edklad do podh\u013eadu.<\/p>\n<p><strong>Technick\u00e9 detaily:<\/strong><\/p>\n<ul>\n<li>Typ: Mean Well LPF-60-24.<\/li>\n<li>Rozmery produktu: 162,5 \u00d7 43 \u00d7 32 mm.<\/li>\n<li>\u0160irok\u00fd rozsah vstupu: 90\u2013\u2060\u2060\u2060\u2060\u2060\u2060305 V AC.<\/li>\n<li>V\u00fdstupn\u00e9 nap\u00e4tie: 24 V DC, 2,5 A.<\/li>\n<li>Rozsah tepl\u00f4t: &#8211; 40 \u2013\u2060\u2060\u2060\u2060\u2060\u2060 70\u00b0C.<\/li>\n<li>Trieda krytia: IP67 (vhodn\u00e9 pre vonkaj\u0161ie pou\u017eitie).<\/li>\n<\/ul>\n","protected":false},"excerpt":{"rendered":"<p>V\u010faka v\u00fdstupn\u00e9mu nap\u00e4tiu 24 V a pr\u00fadu 2,5 A sa tento zdroj perfektne hod\u00ed <strong>pre nap\u00e1janie Loxone LED spotov<\/strong> a v\u010faka n\u00edzkej in\u0161tala\u010dnej v\u00fd\u0161ke umo\u017e\u0148uje umiestnenie kamko\u013evek, napr\u00edklad do podh\u013eadu.<\/p>\n<p>&nbsp;<\/p>\n","protected":false},"featured_media":921,"template":"","meta":[],"location":[],"product_brand":[],"product_cat":[351,352],"product_tag":[],"class_list":{"0":"post-920","1":"product","2":"type-product","3":"status-publish","4":"has-post-thumbnail","6":"product_cat-napajacie_zdroje","7":"product_cat-napajacie-zdroje-prislusenstvo","9":"first","10":"instock","11":"sold-individually","12":"taxable","13":"shipping-taxable","14":"purchasable","15":"product-type-simple"},"locations":[],"_links":{"self":[{"href":"https:\/\/loxone.ctw.sk\/index.php\/wp-json\/wp\/v2\/product\/920","targetHints":{"allow":["GET"]}}],"collection":[{"href":"https:\/\/loxone.ctw.sk\/index.php\/wp-json\/wp\/v2\/product"}],"about":[{"href":"https:\/\/loxone.ctw.sk\/index.php\/wp-json\/wp\/v2\/types\/product"}],"wp:featuredmedia":[{"embeddable":true,"href":"https:\/\/loxone.ctw.sk\/index.php\/wp-json\/wp\/v2\/media\/921"}],"wp:attachment":[{"href":"https:\/\/loxone.ctw.sk\/index.php\/wp-json\/wp\/v2\/media?parent=920"}],"wp:term":[{"taxonomy":"location","embeddable":true,"href":"https:\/\/loxone.ctw.sk\/index.php\/wp-json\/wp\/v2\/location?post=920"},{"taxonomy":"product_brand","embeddable":true,"href":"https:\/\/loxone.ctw.sk\/index.php\/wp-json\/wp\/v2\/product_brand?post=920"},{"taxonomy":"product_cat","embeddable":true,"href":"https:\/\/loxone.ctw.sk\/index.php\/wp-json\/wp\/v2\/product_cat?post=920"},{"taxonomy":"product_tag","embeddable":true,"href":"https:\/\/loxone.ctw.sk\/index.php\/wp-json\/wp\/v2\/product_tag?post=920"}],"curies":[{"name":"wp","href":"https:\/\/api.w.org\/{rel}","templated":true}]}}