{"id":930,"date":"2026-01-09T10:32:02","date_gmt":"2026-01-09T09:32:02","guid":{"rendered":"https:\/\/shop.dohlad.info\/index.php\/product\/polo-tricko-s-damske\/"},"modified":"2026-01-09T10:32:27","modified_gmt":"2026-01-09T09:32:27","slug":"polo-tricko-s-damske","status":"publish","type":"product","link":"https:\/\/loxone.ctw.sk\/index.php\/product\/polo-tricko-s-damske\/","title":{"rendered":"Polo tri\u010dko S d\u00e1mske"},"content":{"rendered":"<p class=\"p1\">Ako fan\u00fa\u0161ikovi Loxone v\u00e1m t\u00e1to poloko\u0161e\u013ea zaist\u00ed perfektn\u00fd outfit. \u010cierne prevedenie s p\u00fatavou potla\u010dou z v\u00e1s urob\u00ed dokonal\u00e9ho ambas\u00e1dora zna\u010dky.<\/p>\n<ul class=\"ul1\">\n<li class=\"li1\">100 % bavlna.<\/li>\n<li class=\"li1\">\u010cierne s potla\u010dou.<\/li>\n<\/ul>\n","protected":false},"excerpt":{"rendered":"<p class=\"p1\">Ako fan\u00fa\u0161ikovi Loxone v\u00e1m t\u00e1to poloko\u0161e\u013ea zaist\u00ed perfektn\u00fd outfit. \u010cierne prevedenie s p\u00fatavou potla\u010dou z v\u00e1s urob\u00ed dokonal\u00e9ho ambas\u00e1dora zna\u010dky.<\/p>\n<ul class=\"ul1\">\n<li class=\"li1\">100 % bavlna.<\/li>\n<li class=\"li1\">\u010cierne s potla\u010dou.<\/li>\n<\/ul>\n","protected":false},"featured_media":931,"template":"","meta":[],"location":[],"product_brand":[],"product_cat":[369],"product_tag":[],"class_list":{"0":"post-930","1":"product","2":"type-product","3":"status-publish","4":"has-post-thumbnail","6":"product_cat-other","8":"first","9":"instock","10":"sold-individually","11":"taxable","12":"shipping-taxable","13":"purchasable","14":"product-type-simple"},"locations":[],"_links":{"self":[{"href":"https:\/\/loxone.ctw.sk\/index.php\/wp-json\/wp\/v2\/product\/930","targetHints":{"allow":["GET"]}}],"collection":[{"href":"https:\/\/loxone.ctw.sk\/index.php\/wp-json\/wp\/v2\/product"}],"about":[{"href":"https:\/\/loxone.ctw.sk\/index.php\/wp-json\/wp\/v2\/types\/product"}],"wp:featuredmedia":[{"embeddable":true,"href":"https:\/\/loxone.ctw.sk\/index.php\/wp-json\/wp\/v2\/media\/931"}],"wp:attachment":[{"href":"https:\/\/loxone.ctw.sk\/index.php\/wp-json\/wp\/v2\/media?parent=930"}],"wp:term":[{"taxonomy":"location","embeddable":true,"href":"https:\/\/loxone.ctw.sk\/index.php\/wp-json\/wp\/v2\/location?post=930"},{"taxonomy":"product_brand","embeddable":true,"href":"https:\/\/loxone.ctw.sk\/index.php\/wp-json\/wp\/v2\/product_brand?post=930"},{"taxonomy":"product_cat","embeddable":true,"href":"https:\/\/loxone.ctw.sk\/index.php\/wp-json\/wp\/v2\/product_cat?post=930"},{"taxonomy":"product_tag","embeddable":true,"href":"https:\/\/loxone.ctw.sk\/index.php\/wp-json\/wp\/v2\/product_tag?post=930"}],"curies":[{"name":"wp","href":"https:\/\/api.w.org\/{rel}","templated":true}]}}