{"id":953,"date":"2026-01-09T10:32:30","date_gmt":"2026-01-09T09:32:30","guid":{"rendered":"https:\/\/shop.dohlad.info\/index.php\/product\/termohrncek\/"},"modified":"2026-02-08T14:45:59","modified_gmt":"2026-02-08T13:45:59","slug":"termohrncek","status":"publish","type":"product","link":"https:\/\/loxone.ctw.sk\/index.php\/product\/termohrncek\/","title":{"rendered":"Termohrn\u010dek"},"content":{"rendered":"<p>\u0160t\u00fdlov\u00fd termohrn\u010dek Loxone so vzorom Miniservera a logom Loxone.<\/p>\n<ul>\n<li>Objem: 350 ml<\/li>\n<li>Dvojit\u00e1 v\u00e1kuov\u00e1 stena a vysokokvalitn\u00e1 izol\u00e1cia obalen\u00e1 me\u010fou.<\/li>\n<li>Udr\u017e\u00ed n\u00e1poje tepl\u00e9 a\u017e 8 hod\u00edn alebo studen\u00e9 a\u017e 24 hod\u00edn.<\/li>\n<\/ul>\n","protected":false},"excerpt":{"rendered":"<p>\u0160t\u00fdlov\u00fd termohrn\u010dek Loxone so vzorom Miniservera a logom Loxone.<\/p>\n<p>&nbsp;<\/p>\n","protected":false},"featured_media":954,"template":"","meta":[],"location":[],"product_brand":[],"product_cat":[369],"product_tag":[],"class_list":{"0":"post-953","1":"product","2":"type-product","3":"status-publish","4":"has-post-thumbnail","6":"product_cat-other","8":"first","9":"instock","10":"sold-individually","11":"taxable","12":"shipping-taxable","13":"purchasable","14":"product-type-simple"},"locations":[],"_links":{"self":[{"href":"https:\/\/loxone.ctw.sk\/index.php\/wp-json\/wp\/v2\/product\/953","targetHints":{"allow":["GET"]}}],"collection":[{"href":"https:\/\/loxone.ctw.sk\/index.php\/wp-json\/wp\/v2\/product"}],"about":[{"href":"https:\/\/loxone.ctw.sk\/index.php\/wp-json\/wp\/v2\/types\/product"}],"wp:featuredmedia":[{"embeddable":true,"href":"https:\/\/loxone.ctw.sk\/index.php\/wp-json\/wp\/v2\/media\/954"}],"wp:attachment":[{"href":"https:\/\/loxone.ctw.sk\/index.php\/wp-json\/wp\/v2\/media?parent=953"}],"wp:term":[{"taxonomy":"location","embeddable":true,"href":"https:\/\/loxone.ctw.sk\/index.php\/wp-json\/wp\/v2\/location?post=953"},{"taxonomy":"product_brand","embeddable":true,"href":"https:\/\/loxone.ctw.sk\/index.php\/wp-json\/wp\/v2\/product_brand?post=953"},{"taxonomy":"product_cat","embeddable":true,"href":"https:\/\/loxone.ctw.sk\/index.php\/wp-json\/wp\/v2\/product_cat?post=953"},{"taxonomy":"product_tag","embeddable":true,"href":"https:\/\/loxone.ctw.sk\/index.php\/wp-json\/wp\/v2\/product_tag?post=953"}],"curies":[{"name":"wp","href":"https:\/\/api.w.org\/{rel}","templated":true}]}}