{"id":972,"date":"2026-01-09T10:32:30","date_gmt":"2026-01-09T09:32:30","guid":{"rendered":"https:\/\/shop.dohlad.info\/index.php\/product\/tricko-xxl-unisex\/"},"modified":"2026-02-08T14:43:09","modified_gmt":"2026-02-08T13:43:09","slug":"tricko-xxl-unisex","status":"publish","type":"product","link":"https:\/\/loxone.ctw.sk\/index.php\/product\/tricko-xxl-unisex\/","title":{"rendered":"Tri\u010dko XXL Unisex"},"content":{"rendered":"<p class=\"p1\">Ako fan\u00fa\u0161ikovi Loxone v\u00e1m t\u00e1to poloko\u0161e\u013ea zaist\u00ed perfektn\u00fd outfit. \u010cierne prevedenie s p\u00fatavou potla\u010dou z v\u00e1s urob\u00ed dokonal\u00e9ho ambas\u00e1dora zna\u010dky.<\/p>\n<ul class=\"ul1\">\n<li class=\"li1\">100% bavlna.<\/li>\n<li class=\"li1\">Unisex.<\/li>\n<li class=\"li1\">Rovn\u00fd strih.<\/li>\n<li class=\"li1\">Okr\u00fahly v\u00fdstrih a minimalistick\u00e1 potla\u010d.<\/li>\n<\/ul>\n","protected":false},"excerpt":{"rendered":"<p class=\"p1\">Ako fan\u00fa\u0161ikovi Loxone v\u00e1m t\u00e1to poloko\u0161e\u013ea zaist\u00ed perfektn\u00fd outfit. \u010cierne prevedenie s p\u00fatavou potla\u010dou z v\u00e1s urob\u00ed dokonal\u00e9ho ambas\u00e1dora zna\u010dky.<\/p>\n<p>&nbsp;<\/p>\n","protected":false},"featured_media":973,"template":"","meta":[],"location":[],"product_brand":[],"product_cat":[369],"product_tag":[],"class_list":{"0":"post-972","1":"product","2":"type-product","3":"status-publish","4":"has-post-thumbnail","6":"product_cat-other","8":"first","9":"instock","10":"sold-individually","11":"taxable","12":"shipping-taxable","13":"purchasable","14":"product-type-simple"},"locations":[],"_links":{"self":[{"href":"https:\/\/loxone.ctw.sk\/index.php\/wp-json\/wp\/v2\/product\/972","targetHints":{"allow":["GET"]}}],"collection":[{"href":"https:\/\/loxone.ctw.sk\/index.php\/wp-json\/wp\/v2\/product"}],"about":[{"href":"https:\/\/loxone.ctw.sk\/index.php\/wp-json\/wp\/v2\/types\/product"}],"wp:featuredmedia":[{"embeddable":true,"href":"https:\/\/loxone.ctw.sk\/index.php\/wp-json\/wp\/v2\/media\/973"}],"wp:attachment":[{"href":"https:\/\/loxone.ctw.sk\/index.php\/wp-json\/wp\/v2\/media?parent=972"}],"wp:term":[{"taxonomy":"location","embeddable":true,"href":"https:\/\/loxone.ctw.sk\/index.php\/wp-json\/wp\/v2\/location?post=972"},{"taxonomy":"product_brand","embeddable":true,"href":"https:\/\/loxone.ctw.sk\/index.php\/wp-json\/wp\/v2\/product_brand?post=972"},{"taxonomy":"product_cat","embeddable":true,"href":"https:\/\/loxone.ctw.sk\/index.php\/wp-json\/wp\/v2\/product_cat?post=972"},{"taxonomy":"product_tag","embeddable":true,"href":"https:\/\/loxone.ctw.sk\/index.php\/wp-json\/wp\/v2\/product_tag?post=972"}],"curies":[{"name":"wp","href":"https:\/\/api.w.org\/{rel}","templated":true}]}}