{"id":978,"date":"2026-01-09T10:32:30","date_gmt":"2026-01-09T09:32:30","guid":{"rendered":"https:\/\/shop.dohlad.info\/index.php\/product\/5m-led-pasy-laditelna-biela-ip65-odolny-voci-striekajucej-vode\/"},"modified":"2026-02-10T00:17:57","modified_gmt":"2026-02-09T23:17:57","slug":"5m-led-pasy-laditelna-biela-ip65-odolny-voci-striekajucej-vode","status":"publish","type":"product","link":"https:\/\/loxone.ctw.sk\/index.php\/product\/5m-led-pasy-laditelna-biela-ip65-odolny-voci-striekajucej-vode\/","title":{"rendered":"5m LED p\u00e1sy (ladite\u013en\u00e1 biela) \u2013 IP65 (odoln\u00fd vo\u010di striekaj\u00facej vode)"},"content":{"rendered":"<p>LED p\u00e1sik je ide\u00e1lny na <strong>nepriame osvetlenie a vytv\u00e1ranie r\u00f4znych sveteln\u00fdch n\u00e1lad<\/strong> v studenej a teplej bielej farbe vo va\u0161ej budove.<\/p>\n<p><strong>\u00a0Vlastnosti:<\/strong><\/p>\n<ul>\n<li>300 vysoko kvalitn\u00fdch LED \u010dipov na 5 metroch.<\/li>\n<li>Lepiace pr\u00fa\u017eky na spodnej strane pre \u013eahk\u00e9 pripevnenie.<\/li>\n<li>Vysoko kvalitn\u00e9 a odoln\u00e9 vodi\u010de na zv\u00fd\u0161en\u00fa odolnos\u0165 proti zalomeniu a na zamedzenie vzniku tepla.<\/li>\n<li>In\u0161tal\u00e1cia na miestach v bl\u00edzkosti slanej vody nie je probl\u00e9m.<\/li>\n<\/ul>\n","protected":false},"excerpt":{"rendered":"<p>LED p\u00e1sik je ide\u00e1lny na <strong>nepriame osvetlenie a vytv\u00e1ranie r\u00f4znych sveteln\u00fdch n\u00e1lad<\/strong> v studenej a teplej bielej farbe vo va\u0161ej budove.<\/p>\n<p>&nbsp;<\/p>\n","protected":false},"featured_media":979,"template":"","meta":[],"location":[],"product_brand":[],"product_cat":[355],"product_tag":[],"class_list":{"0":"post-978","1":"product","2":"type-product","3":"status-publish","4":"has-post-thumbnail","6":"product_cat-pwm","8":"first","9":"instock","10":"sold-individually","11":"taxable","12":"shipping-taxable","13":"purchasable","14":"product-type-simple"},"locations":[],"_links":{"self":[{"href":"https:\/\/loxone.ctw.sk\/index.php\/wp-json\/wp\/v2\/product\/978","targetHints":{"allow":["GET"]}}],"collection":[{"href":"https:\/\/loxone.ctw.sk\/index.php\/wp-json\/wp\/v2\/product"}],"about":[{"href":"https:\/\/loxone.ctw.sk\/index.php\/wp-json\/wp\/v2\/types\/product"}],"wp:featuredmedia":[{"embeddable":true,"href":"https:\/\/loxone.ctw.sk\/index.php\/wp-json\/wp\/v2\/media\/979"}],"wp:attachment":[{"href":"https:\/\/loxone.ctw.sk\/index.php\/wp-json\/wp\/v2\/media?parent=978"}],"wp:term":[{"taxonomy":"location","embeddable":true,"href":"https:\/\/loxone.ctw.sk\/index.php\/wp-json\/wp\/v2\/location?post=978"},{"taxonomy":"product_brand","embeddable":true,"href":"https:\/\/loxone.ctw.sk\/index.php\/wp-json\/wp\/v2\/product_brand?post=978"},{"taxonomy":"product_cat","embeddable":true,"href":"https:\/\/loxone.ctw.sk\/index.php\/wp-json\/wp\/v2\/product_cat?post=978"},{"taxonomy":"product_tag","embeddable":true,"href":"https:\/\/loxone.ctw.sk\/index.php\/wp-json\/wp\/v2\/product_tag?post=978"}],"curies":[{"name":"wp","href":"https:\/\/api.w.org\/{rel}","templated":true}]}}