{"id":987,"date":"2026-01-09T10:32:30","date_gmt":"2026-01-09T09:32:30","guid":{"rendered":"https:\/\/shop.dohlad.info\/index.php\/product\/hive-reklamny-banner-na-stavbu\/"},"modified":"2026-02-08T14:42:50","modified_gmt":"2026-02-08T13:42:50","slug":"hive-reklamny-banner-na-stavbu","status":"publish","type":"product","link":"https:\/\/loxone.ctw.sk\/index.php\/product\/hive-reklamny-banner-na-stavbu\/","title":{"rendered":"&#8220;HIVE&#8221; Reklamn\u00fd banner na stavbu"},"content":{"rendered":"<p>Reklamn\u00fd banner s dizajnom \u201eHive\u201c na pou\u017eitie na stavb\u00e1ch.<\/p>\n<p><strong>Technick\u00e9 \u00fadaje:<\/strong><\/p>\n<ul>\n<li>Rozmery: 340 x 173 cm<\/li>\n<li>Materi\u00e1l: Sie\u0165ovina<\/li>\n<li>Zosilnen\u00e9 okraje s o\u010dkami (pribli\u017ene ka\u017ed\u00fdch 50 cm)<\/li>\n<li>B1 \u2013 Certifik\u00e1t protipo\u017eiarnej ochrany<\/li>\n<\/ul>\n","protected":false},"excerpt":{"rendered":"<p>Reklamn\u00fd banner s dizajnom \u201eHive\u201c na pou\u017eitie na stavb\u00e1ch.<\/p>\n<p>&nbsp;<\/p>\n","protected":false},"featured_media":988,"template":"","meta":[],"location":[],"product_brand":[],"product_cat":[369],"product_tag":[],"class_list":{"0":"post-987","1":"product","2":"type-product","3":"status-publish","4":"has-post-thumbnail","6":"product_cat-other","8":"first","9":"instock","10":"sold-individually","11":"taxable","12":"shipping-taxable","13":"purchasable","14":"product-type-simple"},"locations":[],"_links":{"self":[{"href":"https:\/\/loxone.ctw.sk\/index.php\/wp-json\/wp\/v2\/product\/987","targetHints":{"allow":["GET"]}}],"collection":[{"href":"https:\/\/loxone.ctw.sk\/index.php\/wp-json\/wp\/v2\/product"}],"about":[{"href":"https:\/\/loxone.ctw.sk\/index.php\/wp-json\/wp\/v2\/types\/product"}],"wp:featuredmedia":[{"embeddable":true,"href":"https:\/\/loxone.ctw.sk\/index.php\/wp-json\/wp\/v2\/media\/988"}],"wp:attachment":[{"href":"https:\/\/loxone.ctw.sk\/index.php\/wp-json\/wp\/v2\/media?parent=987"}],"wp:term":[{"taxonomy":"location","embeddable":true,"href":"https:\/\/loxone.ctw.sk\/index.php\/wp-json\/wp\/v2\/location?post=987"},{"taxonomy":"product_brand","embeddable":true,"href":"https:\/\/loxone.ctw.sk\/index.php\/wp-json\/wp\/v2\/product_brand?post=987"},{"taxonomy":"product_cat","embeddable":true,"href":"https:\/\/loxone.ctw.sk\/index.php\/wp-json\/wp\/v2\/product_cat?post=987"},{"taxonomy":"product_tag","embeddable":true,"href":"https:\/\/loxone.ctw.sk\/index.php\/wp-json\/wp\/v2\/product_tag?post=987"}],"curies":[{"name":"wp","href":"https:\/\/api.w.org\/{rel}","templated":true}]}}