{"id":997,"date":"2026-01-09T10:33:03","date_gmt":"2026-01-09T09:33:03","guid":{"rendered":"https:\/\/shop.dohlad.info\/index.php\/product\/qube-s8-active-subwoofer-biela\/"},"modified":"2026-02-08T23:25:44","modified_gmt":"2026-02-08T22:25:44","slug":"qube-s8-active-subwoofer-biela","status":"publish","type":"product","link":"https:\/\/loxone.ctw.sk\/index.php\/product\/qube-s8-active-subwoofer-biela\/","title":{"rendered":"QUBE S8 Active Subwoofer biela"},"content":{"rendered":"<p>Tento <strong>kompaktn\u00fd subwoofer<\/strong> rozochvieva podlahu. V\u010faka svojim mal\u00fdm rozmerom je v miestnosti takmer nevidite\u013en\u00fd, ale v\u00fdkon, ktor\u00fd vyk\u00fazli 220mm basov\u00fd reproduktor, je nezamenite\u013en\u00fd.<\/p>\n<p>Podporen\u00fd predn\u00fdm bassreflexov\u00fdm kan\u00e1lom prin\u00e1\u0161a subwoofer QUBE S8 v kon\u0161trukcii typu downfire s v\u00fdkonn\u00fdm zosil\u0148ova\u010dom prec\u00edzne a razantn\u00e9 basov\u00e9 t\u00f3ny. \u010ci u\u017e ide o jemn\u00e9 hudobn\u00e9 detaily, alebo intenz\u00edvny zvuk pre dom\u00e1ce kino, QUBE S8 je skuto\u010dne <strong>univerz\u00e1lne rie\u0161enie<\/strong>. Pred pre\u0165a\u017een\u00edm ho chr\u00e1nia technol\u00f3gie Soft-Clipping a Peak-Limiter, ktor\u00e9 zais\u0165uj\u00fa spo\u013eahliv\u00fa a bezpe\u010dn\u00fa prev\u00e1dzku.<\/p>\n","protected":false},"excerpt":{"rendered":"<p>Tento <strong>kompaktn\u00fd subwoofer<\/strong> rozochvieva podlahu. V\u010faka svojim mal\u00fdm rozmerom je v miestnosti takmer nevidite\u013en\u00fd, ale v\u00fdkon, ktor\u00fd vyk\u00fazli 220mm basov\u00fd reproduktor, je nezamenite\u013en\u00fd.<\/p>\n<p>&nbsp;<\/p>\n","protected":false},"featured_media":998,"template":"","meta":[],"location":[],"product_brand":[],"product_cat":[334],"product_tag":[],"class_list":{"0":"post-997","1":"product","2":"type-product","3":"status-publish","4":"has-post-thumbnail","6":"product_cat-aktivne-reproduktory","8":"first","9":"instock","10":"sold-individually","11":"taxable","12":"shipping-taxable","13":"purchasable","14":"product-type-simple"},"locations":[],"_links":{"self":[{"href":"https:\/\/loxone.ctw.sk\/index.php\/wp-json\/wp\/v2\/product\/997","targetHints":{"allow":["GET"]}}],"collection":[{"href":"https:\/\/loxone.ctw.sk\/index.php\/wp-json\/wp\/v2\/product"}],"about":[{"href":"https:\/\/loxone.ctw.sk\/index.php\/wp-json\/wp\/v2\/types\/product"}],"wp:featuredmedia":[{"embeddable":true,"href":"https:\/\/loxone.ctw.sk\/index.php\/wp-json\/wp\/v2\/media\/998"}],"wp:attachment":[{"href":"https:\/\/loxone.ctw.sk\/index.php\/wp-json\/wp\/v2\/media?parent=997"}],"wp:term":[{"taxonomy":"location","embeddable":true,"href":"https:\/\/loxone.ctw.sk\/index.php\/wp-json\/wp\/v2\/location?post=997"},{"taxonomy":"product_brand","embeddable":true,"href":"https:\/\/loxone.ctw.sk\/index.php\/wp-json\/wp\/v2\/product_brand?post=997"},{"taxonomy":"product_cat","embeddable":true,"href":"https:\/\/loxone.ctw.sk\/index.php\/wp-json\/wp\/v2\/product_cat?post=997"},{"taxonomy":"product_tag","embeddable":true,"href":"https:\/\/loxone.ctw.sk\/index.php\/wp-json\/wp\/v2\/product_tag?post=997"}],"curies":[{"name":"wp","href":"https:\/\/api.w.org\/{rel}","templated":true}]}}