{"id":999,"date":"2026-01-09T10:33:03","date_gmt":"2026-01-09T09:33:03","guid":{"rendered":"https:\/\/shop.dohlad.info\/index.php\/product\/aurum-galan-9-biela-par\/"},"modified":"2026-02-08T23:20:43","modified_gmt":"2026-02-08T22:20:43","slug":"aurum-galan-9-biela-par","status":"publish","type":"product","link":"https:\/\/loxone.ctw.sk\/index.php\/product\/aurum-galan-9-biela-par\/","title":{"rendered":"AURUM GALAN 9 biela p\u00e1r"},"content":{"rendered":"<p>Prec\u00edzny v\u00fd\u0161kov\u00fd reproduktor quadral quSENSE\u00ae exceluje <strong>v detailnom podan\u00ed zvuku<\/strong> a dok\u00e1\u017ee ka\u017ed\u00fa zvukov\u00fa nuanciu presne vykresli\u0165. AURUM GALAN je ide\u00e1lnou vo\u013ebou pre stereo zostavy v men\u0161\u00edch a\u017e stredne ve\u013ek\u00fdch miestnostiach a skvele dopln\u00ed aj ve\u013ek\u00e9 dom\u00e1ce kino in\u0161tal\u00e1cie.<\/p>\n<p><strong>Cena sa vz\u0165ahuje na 1 sadu (2 kusy)!<\/strong><\/p>\n<p><strong>Pred\u013a\u017ete si z\u00e1ruku na zak\u00fapen\u00fd reproduktor AURUM u\u017e na 10 rokov.<\/strong> Sta\u010d\u00ed kontaktova\u0165\u00a0<a href=\"mailto:info@quadral.com\"><span class=\"s1\">info@quadral.com<\/span><\/a>.\u00a0 <a href=\"https:\/\/www.quadral.com\/en\/warranty-conditions\/\"><span class=\"s1\">K podmienkam &gt;<\/span><\/a><\/p>\n<div class=\"col-md-3\"><\/div>\n","protected":false},"excerpt":{"rendered":"<p>Prec\u00edzny v\u00fd\u0161kov\u00fd reproduktor quadral quSENSE\u00ae exceluje <strong>v detailnom podan\u00ed zvuku<\/strong> a dok\u00e1\u017ee ka\u017ed\u00fa zvukov\u00fa nuanciu presne vykresli\u0165. AURUM GALAN je ide\u00e1lnou vo\u013ebou pre stereo zostavy v men\u0161\u00edch a\u017e stredne ve\u013ek\u00fdch miestnostiach a skvele dopln\u00ed aj ve\u013ek\u00e9 dom\u00e1ce kino in\u0161tal\u00e1cie.<\/p>\n<div class=\"col-md-3\"><\/div>\n","protected":false},"featured_media":1000,"template":"","meta":[],"location":[],"product_brand":[],"product_cat":[357],"product_tag":[],"class_list":{"0":"post-999","1":"product","2":"type-product","3":"status-publish","4":"has-post-thumbnail","6":"product_cat-pasivne-reproduktory","8":"first","9":"instock","10":"sold-individually","11":"taxable","12":"shipping-taxable","13":"purchasable","14":"product-type-simple"},"locations":[],"_links":{"self":[{"href":"https:\/\/loxone.ctw.sk\/index.php\/wp-json\/wp\/v2\/product\/999","targetHints":{"allow":["GET"]}}],"collection":[{"href":"https:\/\/loxone.ctw.sk\/index.php\/wp-json\/wp\/v2\/product"}],"about":[{"href":"https:\/\/loxone.ctw.sk\/index.php\/wp-json\/wp\/v2\/types\/product"}],"wp:featuredmedia":[{"embeddable":true,"href":"https:\/\/loxone.ctw.sk\/index.php\/wp-json\/wp\/v2\/media\/1000"}],"wp:attachment":[{"href":"https:\/\/loxone.ctw.sk\/index.php\/wp-json\/wp\/v2\/media?parent=999"}],"wp:term":[{"taxonomy":"location","embeddable":true,"href":"https:\/\/loxone.ctw.sk\/index.php\/wp-json\/wp\/v2\/location?post=999"},{"taxonomy":"product_brand","embeddable":true,"href":"https:\/\/loxone.ctw.sk\/index.php\/wp-json\/wp\/v2\/product_brand?post=999"},{"taxonomy":"product_cat","embeddable":true,"href":"https:\/\/loxone.ctw.sk\/index.php\/wp-json\/wp\/v2\/product_cat?post=999"},{"taxonomy":"product_tag","embeddable":true,"href":"https:\/\/loxone.ctw.sk\/index.php\/wp-json\/wp\/v2\/product_tag?post=999"}],"curies":[{"name":"wp","href":"https:\/\/api.w.org\/{rel}","templated":true}]}}